{"id":106,"date":"2025-07-28T18:44:56","date_gmt":"2025-07-28T18:44:56","guid":{"rendered":"https:\/\/academy.h2mcoatings.com\/?page_id=106"},"modified":"2025-08-10T12:44:06","modified_gmt":"2025-08-10T12:44:06","slug":"contacto","status":"publish","type":"page","link":"https:\/\/academy.h2mcoatings.com\/en\/contacto\/","title":{"rendered":"Contact"},"content":{"rendered":"<style>.kb-row-layout-id106_45145b-e0 > .kt-row-column-wrap{align-content:start;}:where(.kb-row-layout-id106_45145b-e0 > .kt-row-column-wrap) > .wp-block-kadence-column{justify-content:start;}.kb-row-layout-id106_45145b-e0 > .kt-row-column-wrap{column-gap:var(--global-kb-gap-lg, 4rem);row-gap:var(--global-kb-gap-md, 2rem);max-width:var( --global-content-width, 1813px );padding-left:var(--global-content-edge-padding);padding-right:var(--global-content-edge-padding);padding-top:var(--global-kb-spacing-xxl, 5rem);padding-bottom:var(--global-kb-spacing-xxl, 5rem);grid-template-columns:minmax(0, calc(45% - ((var(--global-kb-gap-lg, 4rem) * 1 )\/2)))minmax(0, calc(55% - ((var(--global-kb-gap-lg, 4rem) * 1 )\/2)));}.kb-row-layout-id106_45145b-e0 > .kt-row-layout-overlay{opacity:0.30;}@media all and (max-width: 1024px){.kb-row-layout-id106_45145b-e0 > .kt-row-column-wrap{column-gap:var(--global-kb-gap-md, 2rem);padding-top:var(--global-kb-spacing-lg, 3rem);padding-bottom:var(--global-kb-spacing-lg, 3rem);grid-template-columns:minmax(0, 1fr);}}@media all and (max-width: 767px){.kb-row-layout-id106_45145b-e0 > .kt-row-column-wrap{padding-right:var(--global-kb-spacing-xs, 1rem);padding-left:var(--global-kb-spacing-xs, 1rem);grid-template-columns:minmax(0, 1fr);}}<\/style><div class=\"kb-row-layout-wrap kb-row-layout-id106_45145b-e0 alignfull has-theme-palette9-background-color kt-row-has-bg wp-block-kadence-rowlayout\"><div class=\"kt-row-column-wrap kt-has-2-columns kt-row-layout-equal kt-tab-layout-row kt-mobile-layout-row kt-row-valign-top kb-theme-content-width\">\n<style>.kadence-column106_74f056-2f > .kt-inside-inner-col{display:flex;}.kadence-column106_74f056-2f > .kt-inside-inner-col,.kadence-column106_74f056-2f > .kt-inside-inner-col:before{border-top-left-radius:0px;border-top-right-radius:0px;border-bottom-right-radius:0px;border-bottom-left-radius:0px;}.kadence-column106_74f056-2f > .kt-inside-inner-col{column-gap:var(--global-kb-gap-sm, 1rem);}.kadence-column106_74f056-2f > .kt-inside-inner-col{flex-direction:column;justify-content:center;}.kadence-column106_74f056-2f > .kt-inside-inner-col > .aligncenter{width:100%;}.kt-row-column-wrap > .kadence-column106_74f056-2f{align-self:center;}.kt-inner-column-height-full:not(.kt-has-1-columns) > .wp-block-kadence-column.kadence-column106_74f056-2f{align-self:auto;}.kt-inner-column-height-full:not(.kt-has-1-columns) > .wp-block-kadence-column.kadence-column106_74f056-2f > .kt-inside-inner-col{flex-direction:column;justify-content:center;}.kadence-column106_74f056-2f > .kt-inside-inner-col:before{opacity:0.3;}.kadence-column106_74f056-2f{text-align:left;}.kadence-column106_74f056-2f{position:relative;}@media all and (max-width: 1024px){.kt-row-column-wrap > .kadence-column106_74f056-2f{align-self:center;}}@media all and (max-width: 1024px){.kt-inner-column-height-full:not(.kt-has-1-columns) > .wp-block-kadence-column.kadence-column106_74f056-2f{align-self:auto;}}@media all and (max-width: 1024px){.kt-inner-column-height-full:not(.kt-has-1-columns) > .wp-block-kadence-column.kadence-column106_74f056-2f > .kt-inside-inner-col{flex-direction:column;justify-content:center;}}@media all and (max-width: 1024px){.kadence-column106_74f056-2f > .kt-inside-inner-col{flex-direction:column;justify-content:center;}}@media all and (max-width: 767px){.kt-row-column-wrap > .kadence-column106_74f056-2f{align-self:center;}.kt-inner-column-height-full:not(.kt-has-1-columns) > .wp-block-kadence-column.kadence-column106_74f056-2f{align-self:auto;}.kt-inner-column-height-full:not(.kt-has-1-columns) > .wp-block-kadence-column.kadence-column106_74f056-2f > .kt-inside-inner-col{flex-direction:column;justify-content:center;}.kadence-column106_74f056-2f > .kt-inside-inner-col{flex-direction:column;justify-content:center;}}<\/style>\n<div class=\"wp-block-kadence-column kadence-column106_74f056-2f kb-section-dir-vertical inner-column-1\"><div class=\"kt-inside-inner-col\"><style>.wp-block-kadence-advancedheading.kt-adv-heading106_cd0fa6-d3, .wp-block-kadence-advancedheading.kt-adv-heading106_cd0fa6-d3[data-kb-block=\"kb-adv-heading106_cd0fa6-d3\"]{margin-top:var(--global-kb-spacing-xs, 1rem);margin-bottom:var(--global-kb-spacing-sm, 1.5rem);text-align:left;font-size:var(--global-kb-font-size-lg, 2rem);line-height:1.1;font-weight:700;font-style:normal;}.wp-block-kadence-advancedheading.kt-adv-heading106_cd0fa6-d3 mark.kt-highlight, .wp-block-kadence-advancedheading.kt-adv-heading106_cd0fa6-d3[data-kb-block=\"kb-adv-heading106_cd0fa6-d3\"] mark.kt-highlight{font-style:normal;color:#f76a0c;-webkit-box-decoration-break:clone;box-decoration-break:clone;padding-top:0px;padding-right:0px;padding-bottom:0px;padding-left:0px;}.wp-block-kadence-advancedheading.kt-adv-heading106_cd0fa6-d3 img.kb-inline-image, .wp-block-kadence-advancedheading.kt-adv-heading106_cd0fa6-d3[data-kb-block=\"kb-adv-heading106_cd0fa6-d3\"] img.kb-inline-image{width:150px;vertical-align:baseline;}@media all and (max-width: 767px){.wp-block-kadence-advancedheading.kt-adv-heading106_cd0fa6-d3, .wp-block-kadence-advancedheading.kt-adv-heading106_cd0fa6-d3[data-kb-block=\"kb-adv-heading106_cd0fa6-d3\"]{font-size:var(--global-kb-font-size-lg, 2rem);}}<\/style>\n<h2 class=\"kt-adv-heading106_cd0fa6-d3 wp-block-kadence-advancedheading\" data-kb-block=\"kb-adv-heading106_cd0fa6-d3\">Formulario de Contacto<\/h2>\n\n\n\n<p>En Academy <strong>Lone Star Coating Products y  H2M Epoxy Floor<\/strong>s te ense\u00f1amos a aplicar sistemas de pisos en epoxy con calidad profesional, sin necesidad de experiencia previa y desde donde est\u00e9s.<br>Nuestros cursos online est\u00e1n dise\u00f1ados para que aprendas paso a paso, con herramientas reales, t\u00e9cnicas probadas y acompa\u00f1amiento experto.<\/p>\n\n\n\n<p>\u00bfListo para empezar a generar ingresos con un oficio en demanda?<br>D\u00e9janos tu mensaje y te ayudamos a elegir el curso ideal para ti o resolver cualquier duda que tengas.<\/p>\n\n\n\n<p><strong>Transforma tu futuro con habilidades que venden.<\/strong><\/p>\n\n\n<style>.wp-block-kadence-spacer.kt-block-spacer-106_e1cc74-da .kt-block-spacer{height:30px;}.wp-block-kadence-spacer.kt-block-spacer-106_e1cc74-da .kt-divider{border-top-width:1px;height:1px;border-top-color:var(--global-palette3, #1A202C);width:100%;border-top-style:solid;}<\/style>\n<div class=\"wp-block-kadence-spacer aligncenter kt-block-spacer-106_e1cc74-da\"><div class=\"kt-block-spacer kt-block-spacer-halign-center\"><hr class=\"kt-divider\"\/><\/div><\/div>\n\n\n<style>.kb-row-layout-id106_f955af-c8 > .kt-row-column-wrap{align-content:start;}:where(.kb-row-layout-id106_f955af-c8 > .kt-row-column-wrap) > .wp-block-kadence-column{justify-content:start;}.kb-row-layout-id106_f955af-c8 > .kt-row-column-wrap{column-gap:var(--global-kb-gap-md, 2rem);row-gap:var(--global-kb-gap-md, 2rem);padding-top:var(--global-kb-spacing-sm, 1.5rem);padding-bottom:var(--global-kb-spacing-sm, 1.5rem);}.kb-row-layout-id106_f955af-c8 > .kt-row-column-wrap > div:not(.added-for-specificity){grid-column:initial;}.kb-row-layout-id106_f955af-c8 > .kt-row-column-wrap{grid-template-columns:repeat(3, minmax(0, 1fr));}.kb-row-layout-id106_f955af-c8 > .kt-row-layout-overlay{opacity:0.30;}@media all and (max-width: 1024px){.kb-row-layout-id106_f955af-c8 > .kt-row-column-wrap > div:not(.added-for-specificity){grid-column:initial;}}@media all and (max-width: 1024px){.kb-row-layout-id106_f955af-c8 > .kt-row-column-wrap{grid-template-columns:repeat(3, minmax(0, 1fr));}}@media all and (max-width: 767px){.kb-row-layout-id106_f955af-c8 > .kt-row-column-wrap > div:not(.added-for-specificity){grid-column:initial;}.kb-row-layout-id106_f955af-c8 > .kt-row-column-wrap{grid-template-columns:repeat(2, minmax(0, 1fr));}}<\/style><div class=\"kb-row-layout-wrap kb-row-layout-id106_f955af-c8 alignnone wp-block-kadence-rowlayout\"><div class=\"kt-row-column-wrap kt-has-3-columns kt-row-layout-equal kt-tab-layout-inherit kt-mobile-layout-two-grid kt-row-valign-top\">\n<style>.kadence-column106_734e99-2f > .kt-inside-inner-col,.kadence-column106_734e99-2f > .kt-inside-inner-col:before{border-top-left-radius:0px;border-top-right-radius:0px;border-bottom-right-radius:0px;border-bottom-left-radius:0px;}.kadence-column106_734e99-2f > .kt-inside-inner-col{column-gap:var(--global-kb-gap-sm, 1rem);}.kadence-column106_734e99-2f > .kt-inside-inner-col{flex-direction:column;}.kadence-column106_734e99-2f > .kt-inside-inner-col > .aligncenter{width:100%;}.kadence-column106_734e99-2f > .kt-inside-inner-col:before{opacity:0.3;}.kadence-column106_734e99-2f{position:relative;}@media all and (max-width: 1024px){.kadence-column106_734e99-2f > .kt-inside-inner-col{flex-direction:column;justify-content:center;}}@media all and (max-width: 767px){.kadence-column106_734e99-2f > .kt-inside-inner-col{flex-direction:column;justify-content:center;}}<\/style>\n<div class=\"wp-block-kadence-column kadence-column106_734e99-2f\"><div class=\"kt-inside-inner-col\"><\/div><\/div>\n\n\n<style>.kadence-column106_683350-ce > .kt-inside-inner-col,.kadence-column106_683350-ce > .kt-inside-inner-col:before{border-top-left-radius:0px;border-top-right-radius:0px;border-bottom-right-radius:0px;border-bottom-left-radius:0px;}.kadence-column106_683350-ce > .kt-inside-inner-col{column-gap:var(--global-kb-gap-sm, 1rem);}.kadence-column106_683350-ce > .kt-inside-inner-col{flex-direction:column;}.kadence-column106_683350-ce > .kt-inside-inner-col > .aligncenter{width:100%;}.kadence-column106_683350-ce > .kt-inside-inner-col:before{opacity:0.3;}.kadence-column106_683350-ce{position:relative;}@media all and (max-width: 1024px){.kadence-column106_683350-ce > .kt-inside-inner-col{flex-direction:column;justify-content:center;}}@media all and (max-width: 767px){.kadence-column106_683350-ce > .kt-inside-inner-col{flex-direction:column;justify-content:center;}}<\/style>\n<div class=\"wp-block-kadence-column kadence-column106_683350-ce\"><div class=\"kt-inside-inner-col\"><\/div><\/div>\n\n\n<style>.kadence-column106_f5fb47-94 > .kt-inside-inner-col,.kadence-column106_f5fb47-94 > .kt-inside-inner-col:before{border-top-left-radius:0px;border-top-right-radius:0px;border-bottom-right-radius:0px;border-bottom-left-radius:0px;}.kadence-column106_f5fb47-94 > .kt-inside-inner-col{column-gap:var(--global-kb-gap-sm, 1rem);}.kadence-column106_f5fb47-94 > .kt-inside-inner-col{flex-direction:column;}.kadence-column106_f5fb47-94 > .kt-inside-inner-col > .aligncenter{width:100%;}.kadence-column106_f5fb47-94 > .kt-inside-inner-col:before{opacity:0.3;}.kadence-column106_f5fb47-94{position:relative;}@media all and (max-width: 1024px){.kadence-column106_f5fb47-94 > .kt-inside-inner-col{flex-direction:column;justify-content:center;}}@media all and (max-width: 767px){.kadence-column106_f5fb47-94 > .kt-inside-inner-col{flex-direction:column;justify-content:center;}}<\/style>\n<div class=\"wp-block-kadence-column kadence-column106_f5fb47-94\"><div class=\"kt-inside-inner-col\"><\/div><\/div>\n\n<\/div><\/div><\/div><\/div>\n\n\n<style>.kadence-column106_117e34-f7 > .kt-inside-inner-col{padding-top:var(--global-kb-spacing-md, 2rem);padding-right:var(--global-kb-spacing-md, 2rem);padding-bottom:var(--global-kb-spacing-md, 2rem);padding-left:var(--global-kb-spacing-md, 2rem);}.kadence-column106_117e34-f7 > .kt-inside-inner-col,.kadence-column106_117e34-f7 > .kt-inside-inner-col:before{border-top-left-radius:15px;border-top-right-radius:15px;border-bottom-right-radius:15px;border-bottom-left-radius:15px;}.kadence-column106_117e34-f7 > .kt-inside-inner-col{column-gap:0px;}.kadence-column106_117e34-f7 > .kt-inside-inner-col{flex-direction:column;}.kadence-column106_117e34-f7 > .kt-inside-inner-col > .aligncenter{width:100%;}.kadence-column106_117e34-f7 > .kt-inside-inner-col{background-color:var(--global-palette7, #EDF2F7);}.kadence-column106_117e34-f7 > .kt-inside-inner-col:before{opacity:0.3;}.kadence-column106_117e34-f7{text-align:left;}.kadence-column106_117e34-f7{position:relative;}@media all and (max-width: 1024px){.kadence-column106_117e34-f7 > .kt-inside-inner-col{flex-direction:column;justify-content:center;}}@media all and (max-width: 767px){.kadence-column106_117e34-f7 > .kt-inside-inner-col{padding-top:var(--global-kb-spacing-xs, 1rem);padding-right:var(--global-kb-spacing-xs, 1rem);padding-bottom:var(--global-kb-spacing-xs, 1rem);padding-left:var(--global-kb-spacing-xs, 1rem);flex-direction:column;justify-content:center;}}<\/style>\n<div class=\"wp-block-kadence-column kadence-column106_117e34-f7 kb-section-dir-vertical inner-column-2\"><div class=\"kt-inside-inner-col\"><style>.kadence-form-106_9351df-72 .kb-form .kadence-blocks-form-field .kb-text-style-field, .kadence-form-106_9351df-72 .kb-form .kadence-blocks-form-field .kb-select-style-field{color:var(--global-palette3, #1A202C);border-radius:4px;border-width:1px 1px 1px 1px;background:var(--global-palette9, #ffffff);border-color:var(--global-palette7, #EDF2F7);}.kadence-form-106_9351df-72 .kb-form .kadence-blocks-form-field > label{color:var(--global-palette6, #718096);font-size:var(--global-kb-font-size-sm, 0.9rem);letter-spacing:0px;text-transform:capitalize;font-family:var( --global-body-font-family, inherit );font-style:normal;font-weight:600;}.kadence-form-106_9351df-72 .kb-form .kadence-blocks-form-field .kb-forms-submit{color:var(--global-palette1, #3182CE);border-radius:5px;border-width:2px 2px 2px 2px;background:rgba(0, 0, 0, 0);border-color:var(--global-palette1, #3182CE);}.kadence-form-106_9351df-72 .kb-form .kadence-blocks-form-field .kb-forms-submit:hover, .kadence-form-106_9351df-72 .kb-form .kadence-blocks-form-field .kb-forms-submit:focus {color:var(--global-palette2, #2B6CB0);border-color:var(--global-palette2, #2B6CB0);}.kadence-form-106_9351df-72 .kb-form .kadence-blocks-form-field .kb-forms-submit{font-size:var(--global-kb-font-size-sm, 0.9rem);letter-spacing:1px;text-transform:uppercase;font-family:var( --global-body-font-family, inherit );font-style:normal;font-weight:inherit;}.kb-form input.kadence-blocks-field.verify{opacity:0.0;position:absolute;top:0.0;left:0.0;width:0.0;height:0.0;z-index:-1;}<\/style>\n<div class=\"wp-block-kadence-form kadence-form-106_9351df-72 kb-form-wrap\"><form class=\"kb-form\" action=\"\" method=\"post\"><div class=\"kadence-blocks-form-field kb-field-desk-width-100 kb-input-size-standard\"><label for=\"kb_field_106_9351df-72_0\">Nombre<\/label><input name=\"kb_field_0\" id=\"kb_field_106_9351df-72_0\" data-label=\"Nombre\" type=\"text\" placeholder=\"\" value=\"\" data-type=\"text\" class=\"kb-field kb-text-style-field kb-text-field kb-field-0\"\/><\/div><div class=\"kadence-blocks-form-field kb-form-field-1 kb-field-desk-width-100 kb-input-size-standard\"><label for=\"kb_field_106_9351df-72_1\">Email<span class=\"required\">*<\/span><\/label><input name=\"kb_field_1\" id=\"kb_field_106_9351df-72_1\" data-label=\"Email\" type=\"email\" placeholder=\"\" value=\"\" data-type=\"email\" class=\"kb-field kb-text-style-field kb-email-field kb-field-1\" data-required=\"yes\"\/><\/div><div class=\"kadence-blocks-form-field kb-form-field-2 kb-field-desk-width-100 kb-input-size-standard\"><label for=\"kb_field_106_9351df-72_2\">Tel\u00e9fono<\/label><input name=\"kb_field_2\" id=\"kb_field_106_9351df-72_2\" data-label=\"Tel\u00e9fono\" type=\"text\" placeholder=\"\" value=\"\" data-type=\"text\" class=\"kb-field kb-text-style-field kb-text-field kb-field-2\"\/><\/div><div class=\"kadence-blocks-form-field kb-form-field-3 kb-field-desk-width-100 kb-input-size-standard\"><label for=\"kb_field_106_9351df-72_3\">Mensaje<span class=\"required\">*<\/span><\/label><textarea name=\"kb_field_3\" id=\"kb_field_106_9351df-72_3\" data-label=\"Mensaje\" type=\"textarea\" placeholder=\"\" data-type=\"textarea\" class=\"kb-field kb-text-style-field kb-textarea-field kb-field-3\" rows=\"4\" data-required=\"yes\"><\/textarea><\/div><input type=\"hidden\" name=\"_kb_form_id\" value=\"106_9351df-72\"\/><input type=\"hidden\" name=\"_kb_form_post_id\" value=\"106\"\/><input type=\"hidden\" name=\"action\" value=\"kb_process_ajax_submit\"\/><label class=\"kadence-verify-label\">Email<input class=\"kadence-blocks-field verify\" type=\"text\" name=\"_kb_verify_email\" autocomplete=\"new-password\" aria-hidden=\"true\" placeholder=\"Email\" tabindex=\"-1\" data-1p-ignore=\"true\" data-lpignore=\"true\" \/><\/label><div class=\"kadence-blocks-form-field kb-submit-field kb-field-desk-width-100\"><button class=\"kb-forms-submit button kb-button-size-standard kb-button-width-auto\">enviar mensaje<\/button><\/div><\/form><\/div>\n<noscript><div class=\"kadence-blocks-form-message kadence-blocks-form-warning\">Please enable JavaScript in your browser to submit the form<\/div><style>.kadence-form-106_9351df-72 .kadence-blocks-form-field.kb-submit-field { display: none; }<\/style><\/noscript><\/div><\/div>\n\n<\/div><\/div>","protected":false},"excerpt":{"rendered":"<p>Formulario de Contacto En Academy Lone Star Coating Products y H2M Epoxy Floors te ense\u00f1amos a aplicar sistemas de pisos en epoxy con calidad profesional, sin necesidad de experiencia previa y desde donde est\u00e9s.Nuestros cursos online est\u00e1n dise\u00f1ados para que aprendas paso a paso, con herramientas reales, t\u00e9cnicas probadas y acompa\u00f1amiento experto. \u00bfListo para empezar&#8230;<\/p>","protected":false},"author":1,"featured_media":0,"parent":0,"menu_order":0,"comment_status":"closed","ping_status":"closed","template":"","meta":{"_kad_post_transparent":"","_kad_post_title":"hide","_kad_post_layout":"","_kad_post_sidebar_id":"","_kad_post_content_style":"unboxed","_kad_post_vertical_padding":"hide","_kad_post_feature":"","_kad_post_feature_position":"","_kad_post_header":false,"_kad_post_footer":false,"_kad_post_classname":"","footnotes":""},"class_list":["post-106","page","type-page","status-publish","hentry"],"_links":{"self":[{"href":"https:\/\/academy.h2mcoatings.com\/en\/wp-json\/wp\/v2\/pages\/106","targetHints":{"allow":["GET"]}}],"collection":[{"href":"https:\/\/academy.h2mcoatings.com\/en\/wp-json\/wp\/v2\/pages"}],"about":[{"href":"https:\/\/academy.h2mcoatings.com\/en\/wp-json\/wp\/v2\/types\/page"}],"author":[{"embeddable":true,"href":"https:\/\/academy.h2mcoatings.com\/en\/wp-json\/wp\/v2\/users\/1"}],"replies":[{"embeddable":true,"href":"https:\/\/academy.h2mcoatings.com\/en\/wp-json\/wp\/v2\/comments?post=106"}],"version-history":[{"count":5,"href":"https:\/\/academy.h2mcoatings.com\/en\/wp-json\/wp\/v2\/pages\/106\/revisions"}],"predecessor-version":[{"id":4260,"href":"https:\/\/academy.h2mcoatings.com\/en\/wp-json\/wp\/v2\/pages\/106\/revisions\/4260"}],"wp:attachment":[{"href":"https:\/\/academy.h2mcoatings.com\/en\/wp-json\/wp\/v2\/media?parent=106"}],"curies":[{"name":"wp","href":"https:\/\/api.w.org\/{rel}","templated":true}]}}