{"id":4535,"date":"2025-08-15T07:47:39","date_gmt":"2025-08-15T07:47:39","guid":{"rendered":"https:\/\/academy.h2mcoatings.com\/?page_id=4535"},"modified":"2025-08-23T19:53:59","modified_gmt":"2025-08-23T19:53:59","slug":"pensum","status":"publish","type":"page","link":"https:\/\/academy.h2mcoatings.com\/en\/pensum\/","title":{"rendered":"Pensum"},"content":{"rendered":"<style>.kb-row-layout-id4535_45ad62-23 > .kt-row-column-wrap{align-content:start;}:where(.kb-row-layout-id4535_45ad62-23 > .kt-row-column-wrap) > .wp-block-kadence-column{justify-content:start;}.kb-row-layout-id4535_45ad62-23 > .kt-row-column-wrap{column-gap:var(--global-kb-gap-md, 2rem);row-gap:var(--global-kb-gap-md, 2rem);padding-top:var(--global-kb-spacing-sm, 1.5rem);padding-bottom:var(--global-kb-spacing-sm, 1.5rem);grid-template-columns:repeat(2, minmax(0, 1fr));}.kb-row-layout-id4535_45ad62-23 > .kt-row-layout-overlay{opacity:0.30;}@media all and (max-width: 1024px){.kb-row-layout-id4535_45ad62-23 > .kt-row-column-wrap{grid-template-columns:repeat(2, minmax(0, 1fr));}}@media all and (max-width: 767px){.kb-row-layout-id4535_45ad62-23 > .kt-row-column-wrap{grid-template-columns:minmax(0, 1fr);}}<\/style><div class=\"kb-row-layout-wrap kb-row-layout-id4535_45ad62-23 alignnone wp-block-kadence-rowlayout\"><div class=\"kt-row-column-wrap kt-has-2-columns kt-row-layout-equal kt-tab-layout-inherit kt-mobile-layout-row kt-row-valign-top\">\n<style>.kadence-column4535_175921-c5 > .kt-inside-inner-col{padding-top:var(--global-kb-spacing-xs, 1rem);padding-bottom:0px;padding-left:0px;}.kadence-column4535_175921-c5 > .kt-inside-inner-col{min-height:0px;}.kadence-column4535_175921-c5 > .kt-inside-inner-col,.kadence-column4535_175921-c5 > .kt-inside-inner-col:before{border-top-left-radius:0px;border-top-right-radius:0px;border-bottom-right-radius:0px;border-bottom-left-radius:0px;}.kadence-column4535_175921-c5 > .kt-inside-inner-col{column-gap:var(--global-kb-gap-sm, 1rem);}.kadence-column4535_175921-c5 > .kt-inside-inner-col{flex-direction:column;}.kadence-column4535_175921-c5 > .kt-inside-inner-col > .aligncenter{width:100%;}.kadence-column4535_175921-c5 > .kt-inside-inner-col:before{opacity:0.3;}.kadence-column4535_175921-c5{position:relative;}@media all and (max-width: 1024px){.kadence-column4535_175921-c5 > .kt-inside-inner-col{flex-direction:column;justify-content:center;}}@media all and (max-width: 767px){.kadence-column4535_175921-c5 > .kt-inside-inner-col{flex-direction:column;justify-content:center;}}<\/style>\n<div class=\"wp-block-kadence-column kadence-column4535_175921-c5\"><div class=\"kt-inside-inner-col\"><style>.wp-block-kadence-advancedheading.kt-adv-heading4535_bb244f-95, .wp-block-kadence-advancedheading.kt-adv-heading4535_bb244f-95[data-kb-block=\"kb-adv-heading4535_bb244f-95\"]{max-width:983px;font-style:normal;}.wp-block-kadence-advancedheading.kt-adv-heading4535_bb244f-95 mark.kt-highlight, .wp-block-kadence-advancedheading.kt-adv-heading4535_bb244f-95[data-kb-block=\"kb-adv-heading4535_bb244f-95\"] mark.kt-highlight{font-style:normal;color:#f76a0c;-webkit-box-decoration-break:clone;box-decoration-break:clone;padding-top:0px;padding-right:0px;padding-bottom:0px;padding-left:0px;}.wp-block-kadence-advancedheading.kt-adv-heading4535_bb244f-95 img.kb-inline-image, .wp-block-kadence-advancedheading.kt-adv-heading4535_bb244f-95[data-kb-block=\"kb-adv-heading4535_bb244f-95\"] img.kb-inline-image{width:150px;vertical-align:baseline;}<\/style>\n<h2 class=\"kt-adv-heading4535_bb244f-95 wp-block-kadence-advancedheading\" data-kb-block=\"kb-adv-heading4535_bb244f-95\">Inscripci\u00f3n a Lone Star Coating Products Academy <\/h2>\n\n\n\n<p class=\"has-medium-font-size\">Crea tu cuenta con un \u00fanico pago de<mark style=\"background-color:rgba(0, 0, 0, 0);color:#ff0000\" class=\"has-inline-color\"> <strong>$9.99<\/strong> <\/mark>y desbloquea acceso inmediato a todos nuestros cursos <strong>gratis<\/strong> y premium.<br>Con esta inscripci\u00f3n obtienes <mark style=\"background-color:rgba(0, 0, 0, 0);color:#f60000\" class=\"has-inline-color\"><strong>50% de descuento<\/strong> <\/mark>en todos los cursos  premium y aprendes a aplicar sistemas epoxy como un profesional con contenido exclusivo de <mark style=\"background-color:rgba(0, 0, 0, 0)\" class=\"has-inline-color has-theme-palette-1-color\"><strong>H2M<\/strong> <strong>Epoxy floors<\/strong> y <strong>Lone Star Coating Products<\/strong>.<\/mark><\/p>\n\n\n\n<details class=\"wp-block-details has-theme-palette-1-color has-text-color has-link-color has-large-font-size wp-elements-08c0383e8ed8cfa3dfe6f45bc93a1c65 is-layout-flow wp-block-details-is-layout-flow\" open><summary>Contenido<\/summary>\n<h2 class=\"wp-block-heading\"><strong>M\u00f3dulo 1 \u2013 M\u00e1quinas y Herramientas<\/strong><\/h2>\n\n\n\n<ul class=\"wp-block-list\">\n<li>Herramientas esenciales para la instalaci\u00f3n de pisos epoxy                                    <\/li>\n\n\n\n<li>Equipos de seguridad y protecci\u00f3n personal<\/li>\n\n\n\n<li>Uso correcto y mantenimiento de cada herramienta<\/li>\n<\/ul>\n\n\n\n<h3 class=\"wp-block-heading\"><strong>M\u00f3dulo 2 \u2013 Preparaci\u00f3n de los Pisos<\/strong><\/h3>\n\n\n\n<ul class=\"wp-block-list\">\n<li>Evaluaci\u00f3n de la superficie inicial<\/li>\n\n\n\n<li>T\u00e9cnicas de limpieza y desbaste<\/li>\n\n\n\n<li>Reparaci\u00f3n de imperfecciones y nivelaci\u00f3n del piso<\/li>\n\n\n\n<li>Importancia de la imprimaci\u00f3n (primer) para la adherencia<\/li>\n<\/ul>\n\n\n\n<h3 class=\"wp-block-heading\"><strong>M\u00f3dulo 3 \u2013 Sistema Solid Color<\/strong><\/h3>\n\n\n\n<ul class=\"wp-block-list\">\n<li>Caracter\u00edsticas y aplicaciones del sistema de color s\u00f3lido<\/li>\n\n\n\n<li>Preparaci\u00f3n de mezcla y proporciones<\/li>\n\n\n\n<li>T\u00e9cnicas de aplicaci\u00f3n para un acabado uniforme y profesional<\/li>\n<\/ul>\n\n\n\n<h3 class=\"wp-block-heading\"><strong>M\u00f3dulo 4 \u2013 Sistema Flake<\/strong><\/h3>\n\n\n\n<ul class=\"wp-block-list\">\n<li>Selecci\u00f3n y combinaci\u00f3n de flakes decorativos<\/li>\n\n\n\n<li>M\u00e9todos de dispersi\u00f3n para m\u00e1xima cobertura<\/li>\n\n\n\n<li>Sellado final y protecci\u00f3n del sistema<\/li>\n<\/ul>\n\n\n\n<h3 class=\"wp-block-heading\"><strong>M\u00f3dulo 5 \u2013 Sistema Quartz<\/strong><\/h3>\n\n\n\n<ul class=\"wp-block-list\">\n<li>Uso del cuarzo para alta resistencia y durabilidad<\/li>\n\n\n\n<li>Aplicaci\u00f3n por capas y t\u00e9cnicas de adherencia<\/li>\n\n\n\n<li>Acabado y mantenimiento del sistema<\/li>\n<\/ul>\n\n\n\n<h3 class=\"wp-block-heading\"><strong>M\u00f3dulo 6 \u2013 Sistema Met\u00e1lico<\/strong><\/h3>\n\n\n\n<ul class=\"wp-block-list\">\n<li>Creaci\u00f3n de efectos tridimensionales y dise\u00f1os \u00fanicos<\/li>\n\n\n\n<li>T\u00e9cnicas de mezcla y vertido<\/li>\n\n\n\n<li>Sellado para resistencia y brillo duradero<\/li>\n<\/ul>\n\n\n\n<h3 class=\"wp-block-heading\"><strong>M\u00f3dulo 7 \u2013 C\u00e1lculos con Regla de 3<\/strong><\/h3>\n\n\n\n<ul class=\"wp-block-list\">\n<li>C\u00f3mo calcular materiales exactos seg\u00fan el \u00e1rea del proyecto<\/li>\n\n\n\n<li>Ejemplos pr\u00e1cticos para distintos sistemas de pisos<\/li>\n<\/ul>\n\n\n\n<h3 class=\"wp-block-heading\"><strong>M\u00f3dulo 8 \u2013 Tips Pr\u00e1cticos<\/strong><\/h3>\n\n\n\n<ul class=\"wp-block-list\">\n<li>T\u00e9cnica para pelar baldes sin contaminantes<\/li>\n\n\n\n<li>Uso correcto del Fusion Primer para mejor adhesi\u00f3n<\/li>\n<\/ul>\n\n\n\n<h3 class=\"wp-block-heading\"><strong>M\u00f3dulo 9 \u2013 Pisos Secos<\/strong><\/h3>\n\n\n\n<ul class=\"wp-block-list\">\n<li>C\u00f3mo identificar si un piso est\u00e1 listo para recibir resina<\/li>\n\n\n\n<li>Herramientas para medici\u00f3n de humedad<\/li>\n\n\n\n<li>Prevenci\u00f3n de fallas por humedad residual<\/li>\n<\/ul>\n\n\n\n<h3 class=\"wp-block-heading\"><strong>M\u00f3dulo 10 \u2013 Preguntas Frecuentes<\/strong><\/h3>\n\n\n\n<ul class=\"wp-block-list\">\n<li>Respuestas a dudas comunes sobre instalaci\u00f3n y materiales<\/li>\n\n\n\n<li>Consejos para evitar errores frecuentes<\/li>\n<\/ul>\n\n\n\n<h3 class=\"wp-block-heading\"><strong>M\u00f3dulo 11 \u2013 Cierre y Pr\u00f3ximos Pasos<\/strong><\/h3>\n\n\n\n<ul class=\"wp-block-list\">\n<li>Certificaci\u00f3n digital de finalizaci\u00f3n<\/li>\n\n\n\n<li>Recomendaciones para iniciar en el mercado laboral<\/li>\n\n\n\n<li>Presentaci\u00f3n de casos de \u00e9xito y oportunidades de negocio<\/li>\n<\/ul>\n<\/details>\n<\/div><\/div>\n\n\n<style>.kadence-column4535_5e934f-0c > .kt-inside-inner-col,.kadence-column4535_5e934f-0c > .kt-inside-inner-col:before{border-top-left-radius:0px;border-top-right-radius:0px;border-bottom-right-radius:0px;border-bottom-left-radius:0px;}.kadence-column4535_5e934f-0c > .kt-inside-inner-col{column-gap:var(--global-kb-gap-sm, 1rem);}.kadence-column4535_5e934f-0c > .kt-inside-inner-col{flex-direction:column;}.kadence-column4535_5e934f-0c > .kt-inside-inner-col > .aligncenter{width:100%;}.kadence-column4535_5e934f-0c > .kt-inside-inner-col:before{opacity:0.3;}.kadence-column4535_5e934f-0c{position:relative;}@media all and (max-width: 1024px){.kadence-column4535_5e934f-0c > .kt-inside-inner-col{flex-direction:column;justify-content:center;}}@media all and (max-width: 767px){.kadence-column4535_5e934f-0c > .kt-inside-inner-col{flex-direction:column;justify-content:center;}}<\/style>\n<div class=\"wp-block-kadence-column kadence-column4535_5e934f-0c\"><div class=\"kt-inside-inner-col\">\n<figure class=\"wp-block-embed is-type-video is-provider-youtube wp-block-embed-youtube wp-embed-aspect-16-9 wp-has-aspect-ratio\"><div class=\"wp-block-embed__wrapper\">\n<iframe loading=\"lazy\" title=\"INTRODUCTION TO THE EPOXY WORLD\" width=\"720\" height=\"405\" src=\"https:\/\/www.youtube.com\/embed\/OcQYIKVQ7l4?feature=oembed\" frameborder=\"0\" allow=\"accelerometer; autoplay; clipboard-write; encrypted-media; gyroscope; picture-in-picture; web-share\" referrerpolicy=\"strict-origin-when-cross-origin\" allowfullscreen><\/iframe>\n<\/div><\/figure>\n\n\n<style>.kadence-column4535_1b40a0-ac > .kt-inside-inner-col,.kadence-column4535_1b40a0-ac > .kt-inside-inner-col:before{border-top-left-radius:0px;border-top-right-radius:0px;border-bottom-right-radius:0px;border-bottom-left-radius:0px;}.kadence-column4535_1b40a0-ac > .kt-inside-inner-col{column-gap:var(--global-kb-gap-sm, 1rem);}.kadence-column4535_1b40a0-ac > .kt-inside-inner-col{flex-direction:column;}.kadence-column4535_1b40a0-ac > .kt-inside-inner-col > .aligncenter{width:100%;}.kadence-column4535_1b40a0-ac > .kt-inside-inner-col:before{opacity:0.3;}.kadence-column4535_1b40a0-ac{position:relative;}@media all and (max-width: 1024px){.kadence-column4535_1b40a0-ac > .kt-inside-inner-col{flex-direction:column;justify-content:center;}}@media all and (max-width: 767px){.kadence-column4535_1b40a0-ac > .kt-inside-inner-col{flex-direction:column;justify-content:center;}}<\/style>\n<div class=\"wp-block-kadence-column kadence-column4535_1b40a0-ac\"><div class=\"kt-inside-inner-col\"><\/div><\/div>\n\n\n<style>.wp-block-kadence-advancedbtn.kb-btns4535_e192c9-b4{gap:var(--global-kb-gap-xs, 0.5rem );justify-content:center;align-items:center;}.kt-btns4535_e192c9-b4 .kt-button{font-weight:normal;font-style:normal;}.kt-btns4535_e192c9-b4 .kt-btn-wrap-0{margin-right:5px;}.wp-block-kadence-advancedbtn.kt-btns4535_e192c9-b4 .kt-btn-wrap-0 .kt-button{color:#555555;border-color:#555555;}.wp-block-kadence-advancedbtn.kt-btns4535_e192c9-b4 .kt-btn-wrap-0 .kt-button:hover, .wp-block-kadence-advancedbtn.kt-btns4535_e192c9-b4 .kt-btn-wrap-0 .kt-button:focus{color:#ffffff;border-color:#444444;}.wp-block-kadence-advancedbtn.kt-btns4535_e192c9-b4 .kt-btn-wrap-0 .kt-button::before{display:none;}.wp-block-kadence-advancedbtn.kt-btns4535_e192c9-b4 .kt-btn-wrap-0 .kt-button:hover, .wp-block-kadence-advancedbtn.kt-btns4535_e192c9-b4 .kt-btn-wrap-0 .kt-button:focus{background:#444444;}<\/style>\n<div class=\"wp-block-kadence-advancedbtn kb-buttons-wrap kb-btns4535_e192c9-b4\"><style>ul.menu .wp-block-kadence-advancedbtn .kb-btn4535_e082fa-7a.kb-button{width:initial;}.wp-block-kadence-advancedbtn .kb-btn4535_e082fa-7a.kb-button{color:#f6f6f6;background:var(--global-palette1, #3182CE);}.wp-block-kadence-advancedbtn .kb-btn4535_e082fa-7a.kb-button:hover, .wp-block-kadence-advancedbtn .kb-btn4535_e082fa-7a.kb-button:focus{background:#ff0000;}<\/style><a class=\"kb-button kt-button button kb-btn4535_e082fa-7a kt-btn-size-large kt-btn-width-type-full kb-btn-global-fill  kt-btn-has-text-true kt-btn-has-svg-false  wp-block-kadence-singlebtn\" href=\"https:\/\/academy.h2mcoatings.com\/cart\/?add-to-cart=4077\"><span class=\"kt-btn-inner-text\"><strong>COMIENZA AHORA <\/strong><\/span><\/a><\/div>\n<\/div><\/div>\n\n<\/div><\/div>","protected":false},"excerpt":{"rendered":"<p>Inscripci\u00f3n a Lone Star Coating Products Academy Crea tu cuenta con un \u00fanico pago de $9.99 y desbloquea acceso inmediato a todos nuestros cursos gratis y premium.Con esta inscripci\u00f3n obtienes 50% de descuento en todos los cursos premium y aprendes a aplicar sistemas epoxy como un profesional con contenido exclusivo de H2M Epoxy floors y&#8230;<\/p>","protected":false},"author":1,"featured_media":0,"parent":0,"menu_order":0,"comment_status":"closed","ping_status":"closed","template":"","meta":{"_kad_post_transparent":"disable","_kad_post_title":"hide","_kad_post_layout":"default","_kad_post_sidebar_id":"","_kad_post_content_style":"unboxed","_kad_post_vertical_padding":"hide","_kad_post_feature":"hide","_kad_post_feature_position":"","_kad_post_header":false,"_kad_post_footer":false,"_kad_post_classname":"","footnotes":""},"class_list":["post-4535","page","type-page","status-publish","hentry"],"_links":{"self":[{"href":"https:\/\/academy.h2mcoatings.com\/en\/wp-json\/wp\/v2\/pages\/4535","targetHints":{"allow":["GET"]}}],"collection":[{"href":"https:\/\/academy.h2mcoatings.com\/en\/wp-json\/wp\/v2\/pages"}],"about":[{"href":"https:\/\/academy.h2mcoatings.com\/en\/wp-json\/wp\/v2\/types\/page"}],"author":[{"embeddable":true,"href":"https:\/\/academy.h2mcoatings.com\/en\/wp-json\/wp\/v2\/users\/1"}],"replies":[{"embeddable":true,"href":"https:\/\/academy.h2mcoatings.com\/en\/wp-json\/wp\/v2\/comments?post=4535"}],"version-history":[{"count":60,"href":"https:\/\/academy.h2mcoatings.com\/en\/wp-json\/wp\/v2\/pages\/4535\/revisions"}],"predecessor-version":[{"id":4902,"href":"https:\/\/academy.h2mcoatings.com\/en\/wp-json\/wp\/v2\/pages\/4535\/revisions\/4902"}],"wp:attachment":[{"href":"https:\/\/academy.h2mcoatings.com\/en\/wp-json\/wp\/v2\/media?parent=4535"}],"curies":[{"name":"wp","href":"https:\/\/api.w.org\/{rel}","templated":true}]}}