{"id":116,"date":"2025-07-30T07:20:20","date_gmt":"2025-07-30T07:20:20","guid":{"rendered":"https:\/\/academy.h2mcoatings.com\/?post_type=product&#038;p=116"},"modified":"2025-09-08T16:23:57","modified_gmt":"2025-09-08T16:23:57","slug":"system-solid-color","status":"publish","type":"product","link":"https:\/\/academy.h2mcoatings.com\/en\/product\/system-solid-color\/","title":{"rendered":"SYSTEM SOLID COLOR"},"content":{"rendered":"<p data-start=\"1463\" data-end=\"1799\"><strong data-start=\"1463\" data-end=\"1509\">Menos es m\u00e1s: pisos epoxy de color s\u00f3lido.<\/strong><br data-start=\"1509\" data-end=\"1512\" \/>En este m\u00f3dulo ver\u00e1s c\u00f3mo aplicar un sistema epoxy de un solo color, ideal para espacios industriales, bodegas, talleres o zonas que requieren una superficie lisa, resistente y f\u00e1cil de mantener. Aprender\u00e1s la mezcla correcta, la t\u00e9cnica de aplicaci\u00f3n y c\u00f3mo lograr un acabado impecable.<\/p>\n<p><strong data-start=\"2065\" data-end=\"2077\">Ventajas<\/strong><\/p>\n<ul>\n<li>Ideal para principiantes.<\/li>\n<li data-start=\"2063\" data-end=\"2077\">Sistema econ\u00f3mico y profesional.<\/li>\n<li>Se adapta a la mayor\u00eda de espacios.<\/li>\n<\/ul>\n<p data-start=\"2063\" data-end=\"2077\"><strong data-start=\"1078\" data-end=\"1095\">Common uses:<\/strong><\/p>\n<ul>\n<li>Garajes, talleres, centros comerciales, hospitales.<\/li>\n<\/ul>\n<p>&nbsp;<\/p>\n<p data-start=\"3635\" data-end=\"3654\"><strong data-start=\"3635\" data-end=\"3654\">What will I learn?<\/strong><\/p>\n<ul>\n<li>C\u00f3mo mezclar y aplicar el sistema s\u00f3lido monocrom\u00e1tico.<\/li>\n<li data-start=\"1752\" data-end=\"1798\">Espesor recomendado y herramientas necesarias.<\/li>\n<li data-start=\"1801\" data-end=\"1832\">C\u00f3mo evitar burbujas o manchas.<\/li>\n<\/ul>\n<p>&nbsp;<\/p>","protected":false},"excerpt":{"rendered":"<p data-start=\"1463\" data-end=\"1799\"><strong data-start=\"1463\" data-end=\"1509\">Menos es m\u00e1s: pisos epoxy de color s\u00f3lido.<\/strong><br data-start=\"1509\" data-end=\"1512\" \/>En este m\u00f3dulo ver\u00e1s c\u00f3mo aplicar un sistema epoxy de un solo color, ideal para espacios industriales, bodegas, talleres o zonas que requieren una superficie lisa, resistente y f\u00e1cil de mantener. Aprender\u00e1s la mezcla correcta, la t\u00e9cnica de aplicaci\u00f3n y c\u00f3mo lograr un acabado impecable.<\/p>\n<p><strong data-start=\"2065\" data-end=\"2077\">Ventajas<\/strong><\/p>\n<ul>\n<li>Ideal para principiantes.<\/li>\n<li data-start=\"2063\" data-end=\"2077\">Sistema econ\u00f3mico y profesional.<\/li>\n<li>Se adapta a la mayor\u00eda de espacios.<\/li>\n<\/ul>\n<p data-start=\"2063\" data-end=\"2077\"><strong data-start=\"1078\" data-end=\"1095\">Common uses:<\/strong><\/p>\n<ul>\n<li>Garajes, talleres, centros comerciales, hospitales.<\/li>\n<\/ul>\n<p>&nbsp;<\/p>\n<p data-start=\"3635\" data-end=\"3654\"><strong data-start=\"3635\" data-end=\"3654\">What will I learn?<\/strong><\/p>\n<ul>\n<li>C\u00f3mo mezclar y aplicar el sistema s\u00f3lido monocrom\u00e1tico.<\/li>\n<li>Espesor recomendado y herramientas necesarias.<\/li>\n<li>C\u00f3mo evitar burbujas o manchas.<\/li>\n<\/ul>","protected":false},"featured_media":4882,"comment_status":"open","ping_status":"closed","template":"","meta":{"_kad_post_transparent":"default","_kad_post_title":"","_kad_post_layout":"default","_kad_post_sidebar_id":"","_kad_post_content_style":"default","_kad_post_vertical_padding":"default","_kad_post_feature":"","_kad_post_feature_position":"","_kad_post_header":false,"_kad_post_footer":false,"_kad_post_classname":""},"product_brand":[],"product_cat":[15],"product_tag":[],"class_list":{"0":"post-116","1":"product","2":"type-product","3":"status-publish","4":"has-post-thumbnail","6":"product_cat-sin-categorizar","8":"first","9":"instock","10":"sale","11":"virtual","12":"taxable","13":"purchasable","14":"product-type-simple","15":"entry","16":"content-bg","17":"loop-entry"},"_links":{"self":[{"href":"https:\/\/academy.h2mcoatings.com\/en\/wp-json\/wp\/v2\/product\/116","targetHints":{"allow":["GET"]}}],"collection":[{"href":"https:\/\/academy.h2mcoatings.com\/en\/wp-json\/wp\/v2\/product"}],"about":[{"href":"https:\/\/academy.h2mcoatings.com\/en\/wp-json\/wp\/v2\/types\/product"}],"replies":[{"embeddable":true,"href":"https:\/\/academy.h2mcoatings.com\/en\/wp-json\/wp\/v2\/comments?post=116"}],"wp:featuredmedia":[{"embeddable":true,"href":"https:\/\/academy.h2mcoatings.com\/en\/wp-json\/wp\/v2\/media\/4882"}],"wp:attachment":[{"href":"https:\/\/academy.h2mcoatings.com\/en\/wp-json\/wp\/v2\/media?parent=116"}],"wp:term":[{"taxonomy":"product_brand","embeddable":true,"href":"https:\/\/academy.h2mcoatings.com\/en\/wp-json\/wp\/v2\/product_brand?post=116"},{"taxonomy":"product_cat","embeddable":true,"href":"https:\/\/academy.h2mcoatings.com\/en\/wp-json\/wp\/v2\/product_cat?post=116"},{"taxonomy":"product_tag","embeddable":true,"href":"https:\/\/academy.h2mcoatings.com\/en\/wp-json\/wp\/v2\/product_tag?post=116"}],"curies":[{"name":"wp","href":"https:\/\/api.w.org\/{rel}","templated":true}]}}