{"id":118,"date":"2025-07-30T07:31:16","date_gmt":"2025-07-30T07:31:16","guid":{"rendered":"https:\/\/academy.h2mcoatings.com\/?post_type=product&#038;p=118"},"modified":"2025-09-08T16:26:21","modified_gmt":"2025-09-08T16:26:21","slug":"quartz-system","status":"publish","type":"product","link":"https:\/\/academy.h2mcoatings.com\/en\/product\/quartz-system\/","title":{"rendered":"QUARTZ SYSTEM"},"content":{"rendered":"<p data-start=\"1740\" data-end=\"1786\"><strong data-start=\"1740\" data-end=\"1786\">Alta resistencia para ambientes exigentes.<\/strong><\/p>\n<p data-start=\"1788\" data-end=\"2025\">Este sistema combina resina epoxy con arena de cuarzo de diferentes granulometr\u00edas, creando un piso altamente resistente al tr\u00e1fico pesado, la humedad y los qu\u00edmicos. Es ideal para \u00e1reas donde la seguridad y la durabilidad son prioridad.<\/p>\n<ul data-start=\"2027\" data-end=\"2194\">\n<li data-start=\"2027\" data-end=\"2098\">\n<p data-start=\"2029\" data-end=\"2098\"><strong data-start=\"2029\" data-end=\"2042\">Advantages:<\/strong> antideslizante, ultra resistente, ideal para humedad.<\/p>\n<\/li>\n<li data-start=\"2099\" data-end=\"2194\">\n<p data-start=\"2101\" data-end=\"2194\"><strong data-start=\"2101\" data-end=\"2118\">Common uses:<\/strong> cocinas industriales, laboratorios, zonas h\u00famedas, piscinas, cuartos fr\u00edos.<\/p>\n<\/li>\n<\/ul>\n<p data-start=\"3635\" data-end=\"3654\"><strong data-start=\"3635\" data-end=\"3654\">What will I learn?<\/strong><\/p>\n<ul>\n<li data-start=\"4109\" data-end=\"4151\">Qu\u00e9 es el sistema quartz y c\u00f3mo se aplica.<\/li>\n<li data-start=\"4154\" data-end=\"4187\">Cu\u00e1ndo usarlo y en qu\u00e9 ambientes.<\/li>\n<li data-start=\"4190\" data-end=\"4236\">Tipos de arenas y cuarzo para uso profesional.<\/li>\n<\/ul>","protected":false},"excerpt":{"rendered":"<p data-start=\"1740\" data-end=\"1786\"><strong data-start=\"1740\" data-end=\"1786\">Alta resistencia para ambientes exigentes.<\/strong><\/p>\n<p data-start=\"1788\" data-end=\"2025\">Este sistema combina resina epoxy con arena de cuarzo de diferentes granulometr\u00edas, creando un piso altamente resistente al tr\u00e1fico pesado, la humedad y los qu\u00edmicos. Es ideal para \u00e1reas donde la seguridad y la durabilidad son prioridad.<\/p>\n<ul data-start=\"2027\" data-end=\"2194\">\n<li data-start=\"2027\" data-end=\"2098\">\n<p data-start=\"2029\" data-end=\"2098\"><strong data-start=\"2029\" data-end=\"2042\">Advantages:<\/strong> antideslizante, ultra resistente, ideal para humedad.<\/p>\n<\/li>\n<li data-start=\"2099\" data-end=\"2194\">\n<p data-start=\"2101\" data-end=\"2194\"><strong data-start=\"2101\" data-end=\"2118\">Common uses:<\/strong> cocinas industriales, laboratorios, zonas h\u00famedas, piscinas, cuartos fr\u00edos.<\/p>\n<\/li>\n<\/ul>\n<p data-start=\"3635\" data-end=\"3654\"><strong data-start=\"3635\" data-end=\"3654\">What will I learn?<\/strong><\/p>\n<ul>\n<li data-start=\"4109\" data-end=\"4151\">Qu\u00e9 es el sistema quartz y c\u00f3mo se aplica.<\/li>\n<li data-start=\"4154\" data-end=\"4187\">Cu\u00e1ndo usarlo y en qu\u00e9 ambientes.<\/li>\n<li data-start=\"4190\" data-end=\"4236\">Tipos de arenas y cuarzo para uso profesional.<\/li>\n<\/ul>","protected":false},"featured_media":4880,"comment_status":"open","ping_status":"closed","template":"","meta":{"_kad_post_transparent":"default","_kad_post_title":"","_kad_post_layout":"default","_kad_post_sidebar_id":"","_kad_post_content_style":"default","_kad_post_vertical_padding":"default","_kad_post_feature":"","_kad_post_feature_position":"","_kad_post_header":false,"_kad_post_footer":false,"_kad_post_classname":""},"product_brand":[],"product_cat":[15],"product_tag":[],"class_list":{"0":"post-118","1":"product","2":"type-product","3":"status-publish","4":"has-post-thumbnail","6":"product_cat-sin-categorizar","8":"first","9":"instock","10":"sale","11":"virtual","12":"taxable","13":"purchasable","14":"product-type-simple","15":"entry","16":"content-bg","17":"loop-entry"},"_links":{"self":[{"href":"https:\/\/academy.h2mcoatings.com\/en\/wp-json\/wp\/v2\/product\/118","targetHints":{"allow":["GET"]}}],"collection":[{"href":"https:\/\/academy.h2mcoatings.com\/en\/wp-json\/wp\/v2\/product"}],"about":[{"href":"https:\/\/academy.h2mcoatings.com\/en\/wp-json\/wp\/v2\/types\/product"}],"replies":[{"embeddable":true,"href":"https:\/\/academy.h2mcoatings.com\/en\/wp-json\/wp\/v2\/comments?post=118"}],"wp:featuredmedia":[{"embeddable":true,"href":"https:\/\/academy.h2mcoatings.com\/en\/wp-json\/wp\/v2\/media\/4880"}],"wp:attachment":[{"href":"https:\/\/academy.h2mcoatings.com\/en\/wp-json\/wp\/v2\/media?parent=118"}],"wp:term":[{"taxonomy":"product_brand","embeddable":true,"href":"https:\/\/academy.h2mcoatings.com\/en\/wp-json\/wp\/v2\/product_brand?post=118"},{"taxonomy":"product_cat","embeddable":true,"href":"https:\/\/academy.h2mcoatings.com\/en\/wp-json\/wp\/v2\/product_cat?post=118"},{"taxonomy":"product_tag","embeddable":true,"href":"https:\/\/academy.h2mcoatings.com\/en\/wp-json\/wp\/v2\/product_tag?post=118"}],"curies":[{"name":"wp","href":"https:\/\/api.w.org\/{rel}","templated":true}]}}