{"id":70,"date":"2025-07-28T04:33:05","date_gmt":"2025-07-28T04:33:05","guid":{"rendered":"https:\/\/academy.h2mcoatings.com\/?post_type=product&#038;p=70"},"modified":"2025-07-31T04:09:35","modified_gmt":"2025-07-31T04:09:35","slug":"curso-profesional-de-aplicacion-de-pisos-epoxy-h2m-coatings","status":"publish","type":"product","link":"https:\/\/academy.h2mcoatings.com\/en\/product\/curso-profesional-de-aplicacion-de-pisos-epoxy-h2m-coatings\/","title":{"rendered":"Curso Completo Profesional de Aplicaci\u00f3n de Pisos Epoxy \u2013 H2M Coatings"},"content":{"rendered":"<p data-start=\"678\" data-end=\"956\">Este curso est\u00e1 dise\u00f1ado para convertirte en un aplicador profesional de sistemas de pisos epoxy, desde la preparaci\u00f3n b\u00e1sica hasta la ejecuci\u00f3n de acabados decorativos de alto nivel. Aprender\u00e1s t\u00e9cnicas, herramientas, c\u00e1lculos, cuidados y secretos del oficio que te permitir\u00e1n ofrecer trabajos duraderos, est\u00e9ticos y funcionales en cualquier entorno. Ideal para emprendedores, contratistas, aplicadores y apasionados por el dise\u00f1o de superficies.<\/p>\n<p data-start=\"678\" data-end=\"956\">\u00bfQuieres emprender en el mundo de los pisos epoxy o mejorar tu t\u00e9cnica?<br data-start=\"749\" data-end=\"752\" \/>Este <strong data-start=\"757\" data-end=\"823\">Curso Profesional de Aplicaci\u00f3n de Pisos Epoxy de H2M Coatings<\/strong> te ense\u00f1a todo lo que necesitas para realizar instalaciones duraderas, est\u00e9ticas y funcionales, incluso si nunca has aplicado antes.<\/p>\n<p data-start=\"678\" data-end=\"956\">A lo largo de <strong data-start=\"95\" data-end=\"108\">7 m\u00f3dulos<\/strong> an <strong data-start=\"111\" data-end=\"136\">12 lecciones en video<\/strong>, aprender\u00e1s desde el uso de herramientas y la preparaci\u00f3n de superficies, hasta la aplicaci\u00f3n de sistemas como Solid Color, Flake, Quartz y Metallic. Tambi\u00e9n incluimos tips exclusivos de expertos, c\u00e1lculos con regla de 3, manejo de pisos secos, y una secci\u00f3n de preguntas frecuentes para resolver dudas reales de aplicadores.<\/p>\n<p data-start=\"1319\" data-end=\"1362\">\ud83c\udf93 <strong data-start=\"1322\" data-end=\"1362\">Incluye certificado de finalizaci\u00f3n.<\/strong><\/p>\n<p data-start=\"1364\" data-end=\"1402\">\ud83d\udca1 <strong data-start=\"1367\" data-end=\"1402\">Acceso inmediato y de por vida.<\/strong><\/p>\n<p data-start=\"1404\" data-end=\"1444\">\ud83d\ude80 <strong data-start=\"1407\" data-end=\"1444\">100% online \u2013 aprende a tu ritmo.<\/strong><\/p>","protected":false},"excerpt":{"rendered":"<p data-start=\"361\" data-end=\"586\">Aprende a aplicar pisos epoxy como un profesional, paso a paso, desde cero. Incluye 12 m\u00f3dulos en video, gu\u00edas descargables, t\u00e9cnicas reales y certificado de finalizaci\u00f3n. Ideal para emprendedores, t\u00e9cnicos y equipos de obra.<\/p>","protected":false},"featured_media":132,"comment_status":"open","ping_status":"closed","template":"","meta":{"_kad_post_transparent":"default","_kad_post_title":"","_kad_post_layout":"default","_kad_post_sidebar_id":"","_kad_post_content_style":"default","_kad_post_vertical_padding":"default","_kad_post_feature":"","_kad_post_feature_position":"","_kad_post_header":false,"_kad_post_footer":false,"_kad_post_classname":""},"product_brand":[],"product_cat":[15],"product_tag":[],"class_list":{"0":"post-70","1":"product","2":"type-product","3":"status-publish","4":"has-post-thumbnail","6":"product_cat-sin-categorizar","8":"first","9":"instock","10":"sale","11":"virtual","12":"taxable","13":"purchasable","14":"product-type-simple","15":"entry","16":"content-bg","17":"loop-entry"},"_links":{"self":[{"href":"https:\/\/academy.h2mcoatings.com\/en\/wp-json\/wp\/v2\/product\/70","targetHints":{"allow":["GET"]}}],"collection":[{"href":"https:\/\/academy.h2mcoatings.com\/en\/wp-json\/wp\/v2\/product"}],"about":[{"href":"https:\/\/academy.h2mcoatings.com\/en\/wp-json\/wp\/v2\/types\/product"}],"replies":[{"embeddable":true,"href":"https:\/\/academy.h2mcoatings.com\/en\/wp-json\/wp\/v2\/comments?post=70"}],"wp:featuredmedia":[{"embeddable":true,"href":"https:\/\/academy.h2mcoatings.com\/en\/wp-json\/wp\/v2\/media\/132"}],"wp:attachment":[{"href":"https:\/\/academy.h2mcoatings.com\/en\/wp-json\/wp\/v2\/media?parent=70"}],"wp:term":[{"taxonomy":"product_brand","embeddable":true,"href":"https:\/\/academy.h2mcoatings.com\/en\/wp-json\/wp\/v2\/product_brand?post=70"},{"taxonomy":"product_cat","embeddable":true,"href":"https:\/\/academy.h2mcoatings.com\/en\/wp-json\/wp\/v2\/product_cat?post=70"},{"taxonomy":"product_tag","embeddable":true,"href":"https:\/\/academy.h2mcoatings.com\/en\/wp-json\/wp\/v2\/product_tag?post=70"}],"curies":[{"name":"wp","href":"https:\/\/api.w.org\/{rel}","templated":true}]}}